{"id":46,"date":"2023-09-29T08:12:02","date_gmt":"2023-09-29T08:12:02","guid":{"rendered":"https:\/\/demo.bravisthemes.com\/gotranscom\/?page_id=46"},"modified":"2024-11-16T08:43:10","modified_gmt":"2024-11-16T08:43:10","slug":"services","status":"publish","type":"page","link":"https:\/\/www.vililogistics.com\/tr\/services\/","title":{"rendered":"Hizmetlerimiz"},"content":{"rendered":"<div data-elementor-type=\"wp-page\" data-elementor-id=\"46\" class=\"elementor elementor-46\" data-elementor-post-type=\"page\">\n\t\t\t\t        <section class=\"elementor-section elementor-top-section elementor-element elementor-element-cd8009a elementor-section-stretched elementor-section-boxed elementor-section-height-default elementor-section-height-default pxl-row-scroll-none pxl-section-overflow-visible pxl-bg-color-none pxl-section-overlay-none\" data-id=\"cd8009a\" data-element_type=\"section\" data-settings=\"{&quot;stretch_section&quot;:&quot;section-stretched&quot;}\">\n\n                \n                <div class=\"elementor-container elementor-column-gap-extended\">\n                <div class=\"elementor-column elementor-col-100 elementor-top-column elementor-element elementor-element-6d112a1 pxl-column-none pxl-column-overflow-hidden-no\" data-id=\"6d112a1\" data-element_type=\"column\">\r\n        <div class=\"elementor-widget-wrap elementor-element-populated\">\r\n                     \r\n        \t\t<div class=\"elementor-element elementor-element-86c3e5d pxl-post-layout-service-1 elementor-widget elementor-widget-pxl_post_grid\" data-id=\"86c3e5d\" data-element_type=\"widget\" data-widget_type=\"pxl_post_grid.default\">\n\t\t\t\t<div class=\"elementor-widget-container\">\n\t\t\t\t\t\n<div id=\"pxl_post_grid-86c3e5d-1616\" class=\"pxl-grid pxl-service-grid pxl-service-grid-layout1 pxl-service-style1 style-1\" data-layout=\"masonry\" data-start-page=\"1\" data-max-pages=\"1\" data-total=\"4\" data-perpage=\"6\" data-next-link=\"\">\n    \n    <div class=\"pxl-grid-inner pxl-grid-masonry row\" data-gutter=\"15\">\n        <div class=\"grid-sizer col-xl-6 col-lg-6 col-md-6 col-sm-12 col-12\"><\/div>\n                    <div class=\"pxl-grid-item col-xl-6 col-lg-6 col-md-6 col-sm-12 col-12 new\">\n                <div class=\"pxl-item--inner\" data-wow-duration=\"1.2s\">\n                                        <div class=\"pxl-item--featured\">\n                        <a href=\"https:\/\/www.vililogistics.com\/tr\/service\/storage-services\/\">\n                            <img fetchpriority=\"high\" decoding=\"async\" class=\"\" src=\"https:\/\/www.vililogistics.com\/wp-content\/uploads\/2024\/11\/1703515739-storage-1024x682-1-410x276.jpg\" width=\"410\" height=\"276\" alt=\"1703515739-storage-1024x682\" title=\"1703515739-storage-1024x682\" \/>                        <\/a>\n                    <\/div>\n                                <div class=\"wrap-inner\">\n                                                            <h5 class=\"pxl-item--title\">\n                        <a href=\"https:\/\/www.vililogistics.com\/tr\/service\/storage-services\/\">Depolama Hizmeti<\/a>\n                    <\/h5>\n                    <div class=\"item--content\">\n                        Throughout projects, the journey of any goods from the zero&hellip;                    <\/div>\n                    <div class=\"pxl-item--readmore\">\n                        <a class=\"btn-readmore\" href=\"https:\/\/www.vililogistics.com\/tr\/service\/storage-services\/\">\n                            <span>\n                                Read More                            <\/span>\n                        <\/a>\n                    <\/div>\n                <\/div>\n            <\/div>\n        <\/div>\n                    <div class=\"pxl-grid-item col-xl-6 col-lg-6 col-md-6 col-sm-12 col-12 new\">\n                <div class=\"pxl-item--inner\" data-wow-duration=\"1.2s\">\n                                        <div class=\"pxl-item--featured\">\n                        <a href=\"https:\/\/www.vililogistics.com\/tr\/service\/air-cargo-freight\/\">\n                            <img decoding=\"async\" class=\"\" src=\"https:\/\/www.vililogistics.com\/wp-content\/uploads\/2023\/11\/sv24.webp\" width=\"0\" height=\"0\" alt=\"sv24\" title=\"sv24\" \/>                        <\/a>\n                    <\/div>\n                                <div class=\"wrap-inner\">\n                                                                <div class=\"pxl-icon\">\n                            <img decoding=\"async\" width=\"54\" height=\"48\" src=\"https:\/\/www.vililogistics.com\/wp-content\/uploads\/2023\/11\/ics23.svg\" class=\"attachment-full\" alt=\"\" \/>                        <\/div>\n                                        <h5 class=\"pxl-item--title\">\n                        <a href=\"https:\/\/www.vililogistics.com\/tr\/service\/air-cargo-freight\/\">Havayolu Ta\u015f\u0131mac\u0131l\u0131\u011f\u0131<\/a>\n                    <\/h5>\n                    <div class=\"item--content\">\n                        We believe in leveraging technology to serve technology intelligence.                    <\/div>\n                    <div class=\"pxl-item--readmore\">\n                        <a class=\"btn-readmore\" href=\"https:\/\/www.vililogistics.com\/tr\/service\/air-cargo-freight\/\">\n                            <span>\n                                Read More                            <\/span>\n                        <\/a>\n                    <\/div>\n                <\/div>\n            <\/div>\n        <\/div>\n                    <div class=\"pxl-grid-item col-xl-6 col-lg-6 col-md-6 col-sm-12 col-12 new\">\n                <div class=\"pxl-item--inner\" data-wow-duration=\"1.2s\">\n                                        <div class=\"pxl-item--featured\">\n                        <a href=\"https:\/\/www.vililogistics.com\/tr\/service\/sea-freight-transportation\/\">\n                            <img loading=\"lazy\" decoding=\"async\" class=\"\" src=\"https:\/\/www.vililogistics.com\/wp-content\/uploads\/2023\/11\/sv7.webp\" width=\"0\" height=\"0\" alt=\"sv7\" title=\"sv7\" \/>                        <\/a>\n                    <\/div>\n                                <div class=\"wrap-inner\">\n                                                            <h5 class=\"pxl-item--title\">\n                        <a href=\"https:\/\/www.vililogistics.com\/tr\/service\/sea-freight-transportation\/\">Denizyolu Ta\u015f\u0131mac\u0131l\u0131\u011f\u0131<\/a>\n                    <\/h5>\n                    <div class=\"item--content\">\n                        We believe in leveraging technology to serve technology intelligence.                    <\/div>\n                    <div class=\"pxl-item--readmore\">\n                        <a class=\"btn-readmore\" href=\"https:\/\/www.vililogistics.com\/tr\/service\/sea-freight-transportation\/\">\n                            <span>\n                                Read More                            <\/span>\n                        <\/a>\n                    <\/div>\n                <\/div>\n            <\/div>\n        <\/div>\n                    <div class=\"pxl-grid-item col-xl-6 col-lg-6 col-md-6 col-sm-12 col-12 new\">\n                <div class=\"pxl-item--inner\" data-wow-duration=\"1.2s\">\n                                        <div class=\"pxl-item--featured\">\n                        <a href=\"https:\/\/www.vililogistics.com\/tr\/service\/land-freight-transportation\/\">\n                            <img loading=\"lazy\" decoding=\"async\" class=\"\" src=\"https:\/\/www.vililogistics.com\/wp-content\/uploads\/2023\/11\/sv8.webp\" width=\"0\" height=\"0\" alt=\"sv8\" title=\"sv8\" \/>                        <\/a>\n                    <\/div>\n                                <div class=\"wrap-inner\">\n                                                                <div class=\"pxl-icon\">\n                            <img loading=\"lazy\" decoding=\"async\" width=\"49\" height=\"27\" src=\"https:\/\/www.vililogistics.com\/wp-content\/uploads\/2023\/11\/ics8.svg\" class=\"attachment-full\" alt=\"\" \/>                        <\/div>\n                                        <h5 class=\"pxl-item--title\">\n                        <a href=\"https:\/\/www.vililogistics.com\/tr\/service\/land-freight-transportation\/\">Karayolu Ta\u015f\u0131mac\u0131l\u0131\u011f\u0131<\/a>\n                    <\/h5>\n                    <div class=\"item--content\">\n                        We believe in leveraging technology to serve technology intelligence...                    <\/div>\n                    <div class=\"pxl-item--readmore\">\n                        <a class=\"btn-readmore\" href=\"https:\/\/www.vililogistics.com\/tr\/service\/land-freight-transportation\/\">\n                            <span>\n                                Read More                            <\/span>\n                        <\/a>\n                    <\/div>\n                <\/div>\n            <\/div>\n        <\/div>\n            <\/div>\n            <div class=\"pxl-grid-pagination\" data-loadmore=\"{&quot;post_type&quot;:&quot;service&quot;,&quot;layout&quot;:&quot;service-1&quot;,&quot;startPage&quot;:1,&quot;maxPages&quot;:1,&quot;total&quot;:4,&quot;perpage&quot;:6,&quot;nextLink&quot;:&quot;&quot;,&quot;source&quot;:[],&quot;orderby&quot;:&quot;date&quot;,&quot;order&quot;:&quot;desc&quot;,&quot;limit&quot;:6,&quot;post_ids&quot;:&quot;&quot;,&quot;col_xl&quot;:6,&quot;col_lg&quot;:6,&quot;col_md&quot;:6,&quot;col_sm&quot;:12,&quot;col_xs&quot;:12,&quot;pagination_type&quot;:&quot;pagination&quot;,&quot;show_excerpt&quot;:&quot;true&quot;,&quot;num_words&quot;:25,&quot;show_button&quot;:&quot;true&quot;,&quot;button_text&quot;:&quot;Read More&quot;,&quot;img_size&quot;:&quot;410x276&quot;,&quot;grid_masonry&quot;:&quot;&quot;,&quot;pxl_animate&quot;:&quot;&quot;,&quot;html_id&quot;:&quot;pxl_post_grid-86c3e5d-1616&quot;,&quot;tax&quot;:[&quot;service-category&quot;]}\" data-query=\"{&quot;post_type&quot;:&quot;service&quot;,&quot;post_status&quot;:&quot;publish&quot;,&quot;posts_per_page&quot;:6,&quot;order&quot;:&quot;desc&quot;,&quot;orderby&quot;:&quot;date&quot;,&quot;tax_query&quot;:{&quot;relation&quot;:&quot;OR&quot;},&quot;post__not_in&quot;:[46]}\">\n                    <\/div>\n        <\/div>\t\t\t\t<\/div>\n\t\t\t\t<\/div>\n\t\t            <\/div>\r\n        <\/div>\r\n        \t\t\t<\/div>\n\t\t<\/section>\n\t\t\t\t<\/div>","protected":false},"excerpt":{"rendered":"<p>Storage Services Throughout projects, the journey of any goods from the zero&hellip; Read More Air Cargo Freight Services We believe in leveraging technology to serve technology intelligence. Read More Sea Freight Transportation We believe in leveraging technology to serve technology intelligence. Read More Land Freight transportation We believe in leveraging technology to serve technology intelligence&#8230; [&hellip;]<\/p>","protected":false},"author":1,"featured_media":0,"parent":0,"menu_order":0,"comment_status":"closed","ping_status":"closed","template":"elementor_header_footer","meta":{"footnotes":""},"class_list":["post-46","page","type-page","status-publish","hentry"],"_links":{"self":[{"href":"https:\/\/www.vililogistics.com\/tr\/wp-json\/wp\/v2\/pages\/46","targetHints":{"allow":["GET"]}}],"collection":[{"href":"https:\/\/www.vililogistics.com\/tr\/wp-json\/wp\/v2\/pages"}],"about":[{"href":"https:\/\/www.vililogistics.com\/tr\/wp-json\/wp\/v2\/types\/page"}],"author":[{"embeddable":true,"href":"https:\/\/www.vililogistics.com\/tr\/wp-json\/wp\/v2\/users\/1"}],"replies":[{"embeddable":true,"href":"https:\/\/www.vililogistics.com\/tr\/wp-json\/wp\/v2\/comments?post=46"}],"version-history":[{"count":11,"href":"https:\/\/www.vililogistics.com\/tr\/wp-json\/wp\/v2\/pages\/46\/revisions"}],"predecessor-version":[{"id":10829,"href":"https:\/\/www.vililogistics.com\/tr\/wp-json\/wp\/v2\/pages\/46\/revisions\/10829"}],"wp:attachment":[{"href":"https:\/\/www.vililogistics.com\/tr\/wp-json\/wp\/v2\/media?parent=46"}],"curies":[{"name":"wp","href":"https:\/\/api.w.org\/{rel}","templated":true}]}}