{"id":10686,"date":"2024-11-13T23:42:23","date_gmt":"2024-11-13T23:42:23","guid":{"rendered":"https:\/\/www.vililogistics.com\/?page_id=10686"},"modified":"2024-11-13T23:48:55","modified_gmt":"2024-11-13T23:48:55","slug":"factors-to-consider-when-choosing-a-logistics-company","status":"publish","type":"page","link":"https:\/\/www.vililogistics.com\/tr\/our-blog\/factors-to-consider-when-choosing-a-logistics-company\/","title":{"rendered":"Lojistik \u015eirketi Se\u00e7erken Dikkat Edilmesi Gerekenler"},"content":{"rendered":"<div data-elementor-type=\"wp-page\" data-elementor-id=\"10686\" class=\"elementor elementor-10686\" data-elementor-post-type=\"page\">\n\t\t\t\t        <section class=\"elementor-section elementor-top-section elementor-element elementor-element-782c248 elementor-section-boxed elementor-section-height-default elementor-section-height-default pxl-row-scroll-none pxl-section-overflow-visible pxl-bg-color-none pxl-section-overlay-none\" data-id=\"782c248\" data-element_type=\"section\">\n\n                \n                <div class=\"elementor-container elementor-column-gap-default\">\n                <div class=\"elementor-column elementor-col-100 elementor-top-column elementor-element elementor-element-3464300 pxl-column-none pxl-column-overflow-hidden-no\" data-id=\"3464300\" data-element_type=\"column\">\r\n        <div class=\"elementor-widget-wrap elementor-element-populated\">\r\n                     \r\n        \t\t<div class=\"elementor-element elementor-element-cd25b90 elementor-widget elementor-widget-pxl_heading\" data-id=\"cd25b90\" data-element_type=\"widget\" data-widget_type=\"pxl_heading.default\">\n\t\t\t\t<div class=\"elementor-widget-container\">\n\t\t\t\t\t<div id=\"pxl-pxl_heading-cd25b90-9181\" class=\"pxl-heading pxl-heading--tcustom px-sub-title-default-style\">\n\t<div class=\"pxl-heading--inner\">\n\t\t\t\t\t\n\t<h3 class=\"pxl-item--title\" data-wow-delay=\"ms\">\n\tLojistik \u015eirketi Se\u00e7erken Dikkat Edilmesi Gerekenler\t\t\t\n\t<\/h3>\n\t\n<\/div>\n<\/div>\t\t\t\t<\/div>\n\t\t\t\t<\/div>\n\t\t\t\t<div class=\"elementor-element elementor-element-a371c2b elementor-widget elementor-widget-pxl_text_editor\" data-id=\"a371c2b\" data-element_type=\"widget\" data-widget_type=\"pxl_text_editor.default\">\n\t\t\t\t<div class=\"elementor-widget-container\">\n\t\t\t\t\t<div class=\"pxl-text-editor\">\n\t<div class=\"pxl-item--inner\" data-wow-delay=\"ms\">\n\t\t<p>Lojistik \u015firketi se\u00e7erken dikkat edilmesi gereken birka\u00e7 \u00f6nemli fakt\u00f6r vard\u0131r. \u0130\u015fletmenizin lojistik ihtiya\u00e7lar\u0131na uygun bir \u015firketi se\u00e7mek, s\u00fcre\u00e7lerinizi daha verimli hale getirmenize ve maliyetleri d\u00fc\u015f\u00fcrmenize yard\u0131mc\u0131 olabilir. \u0130\u015fte lojistik \u015firketi se\u00e7erken g\u00f6z \u00f6n\u00fcnde bulundurman\u0131z gereken baz\u0131 \u00f6nemli fakt\u00f6rler:<\/p>\t\t\n\t<\/div>\n<\/div>\t\t\t\t<\/div>\n\t\t\t\t<\/div>\n\t\t\t\t<div class=\"elementor-element elementor-element-d37be57 elementor-widget elementor-widget-pxl_text_editor\" data-id=\"d37be57\" data-element_type=\"widget\" data-widget_type=\"pxl_text_editor.default\">\n\t\t\t\t<div class=\"elementor-widget-container\">\n\t\t\t\t\t<div class=\"pxl-text-editor\">\n\t<div class=\"pxl-item--inner\" data-wow-delay=\"ms\">\n\t\t<p><strong>Deneyim ve Uzmanl\u0131k<\/strong>:<\/p><p>Lojistik \u015firketi se\u00e7erken, firman\u0131n ne kadar s\u00fcredir faaliyette oldu\u011funu ve hangi t\u00fcr lojistik hizmetlere odakland\u0131\u011f\u0131n\u0131 de\u011ferlendirin. Deneyimli ve uzman bir \u015firket, kar\u015f\u0131la\u015ft\u0131\u011f\u0131 sorunlara daha etkili \u00e7\u00f6z\u00fcmler bulabilir.<\/p>\t\t\n\t<\/div>\n<\/div>\t\t\t\t<\/div>\n\t\t\t\t<\/div>\n\t\t\t\t<div class=\"elementor-element elementor-element-538b824 elementor-widget elementor-widget-pxl_text_editor\" data-id=\"538b824\" data-element_type=\"widget\" data-widget_type=\"pxl_text_editor.default\">\n\t\t\t\t<div class=\"elementor-widget-container\">\n\t\t\t\t\t<div class=\"pxl-text-editor\">\n\t<div class=\"pxl-item--inner\" data-wow-delay=\"ms\">\n\t\t<p><strong>Ta\u015f\u0131ma Kapasitesi ve Modlar\u0131<\/strong>:<\/p><p>\u0130htiya\u00e7lar\u0131n\u0131za uygun ta\u015f\u0131ma modlar\u0131na sahip bir lojistik \u015firketi se\u00e7mek \u00f6nemlidir. Karayolu, denizyolu, demiryolu, hava yolu gibi \u00e7e\u015fitli ta\u015f\u0131ma modlar\u0131na hakim olan bir \u015firket, malzemenizin g\u00fcvenli ve h\u0131zl\u0131 bir \u015fekilde ta\u015f\u0131nmas\u0131na yard\u0131mc\u0131 olabilir.<\/p>\t\t\n\t<\/div>\n<\/div>\t\t\t\t<\/div>\n\t\t\t\t<\/div>\n\t\t\t\t<div class=\"elementor-element elementor-element-028b370 elementor-widget elementor-widget-pxl_text_editor\" data-id=\"028b370\" data-element_type=\"widget\" data-widget_type=\"pxl_text_editor.default\">\n\t\t\t\t<div class=\"elementor-widget-container\">\n\t\t\t\t\t<div class=\"pxl-text-editor\">\n\t<div class=\"pxl-item--inner\" data-wow-delay=\"ms\">\n\t\t<p><strong>Kapsam ve A\u011f<\/strong>:<\/p><p>Lojistik \u015firketinin hangi co\u011frafi b\u00f6lgelere hizmet verdi\u011fini ve ne kadar geni\u015f bir a\u011fa sahip oldu\u011funu kontrol edin. Ulusal ve uluslararas\u0131 \u00f6l\u00e7ekte hizmet veren bir \u015firket, tedarik zincirinizin her a\u015famas\u0131nda size destek olabilir.<\/p>\t\t\n\t<\/div>\n<\/div>\t\t\t\t<\/div>\n\t\t\t\t<\/div>\n\t\t        <section class=\"elementor-section elementor-inner-section elementor-element elementor-element-553e860 elementor-section-boxed elementor-section-height-default elementor-section-height-default pxl-row-scroll-none pxl-section-overflow-visible pxl-bg-color-none pxl-section-overlay-none\" data-id=\"553e860\" data-element_type=\"section\">\n\n                \n                <div class=\"elementor-container elementor-column-gap-no\">\n                <div class=\"elementor-column elementor-col-50 elementor-inner-column elementor-element elementor-element-f8b3f15 pxl-column-none pxl-column-overflow-hidden-no\" data-id=\"f8b3f15\" data-element_type=\"column\">\r\n        <div class=\"elementor-widget-wrap elementor-element-populated\">\r\n                     \r\n        \t\t<div class=\"elementor-element elementor-element-9da2446 elementor-widget elementor-widget-pxl_image\" data-id=\"9da2446\" data-element_type=\"widget\" data-widget_type=\"pxl_image.default\">\n\t\t\t\t<div class=\"elementor-widget-container\">\n\t\t\t\t\t<div id=\"pxl_image-9da2446-7621\" class=\"pxl-image-single  style-default\" data-wow-delay=\"ms\" >\r\n    <div class=\"pxl-item--inner\" data-wow-delay=\"120ms\">\r\n        \r\n                                <div class=\"pxl-item--image\" data-parallax-value=\"\">\r\n                                                    <img decoding=\"async\" src=\"https:\/\/www.vililogistics.com\/wp-content\/uploads\/2023\/10\/single1.jpg\" class=\"no-lazyload attachment-full\" alt=\"\" \/>                                            <\/div>\r\n                            \r\n            <\/div>\r\n<\/div>\t\t\t\t<\/div>\n\t\t\t\t<\/div>\n\t\t            <\/div>\r\n        <\/div>\r\n                <div class=\"elementor-column elementor-col-50 elementor-inner-column elementor-element elementor-element-fd0b653 pxl-column-none pxl-column-overflow-hidden-no\" data-id=\"fd0b653\" data-element_type=\"column\">\r\n        <div class=\"elementor-widget-wrap elementor-element-populated\">\r\n                     \r\n        \t\t<div class=\"elementor-element elementor-element-6dfcf41 elementor-widget elementor-widget-pxl_image\" data-id=\"6dfcf41\" data-element_type=\"widget\" data-widget_type=\"pxl_image.default\">\n\t\t\t\t<div class=\"elementor-widget-container\">\n\t\t\t\t\t<div id=\"pxl_image-6dfcf41-3910\" class=\"pxl-image-single  style-default\" data-wow-delay=\"ms\" >\r\n    <div class=\"pxl-item--inner\" data-wow-delay=\"120ms\">\r\n        \r\n                                <div class=\"pxl-item--image\" data-parallax-value=\"\">\r\n                                                    <img decoding=\"async\" src=\"https:\/\/www.vililogistics.com\/wp-content\/uploads\/2023\/10\/single2.jpg\" class=\"no-lazyload attachment-full\" alt=\"\" \/>                                            <\/div>\r\n                            \r\n            <\/div>\r\n<\/div>\t\t\t\t<\/div>\n\t\t\t\t<\/div>\n\t\t            <\/div>\r\n        <\/div>\r\n        \t\t\t<\/div>\n\t\t<\/section>\n\t\t\t\t<div class=\"elementor-element elementor-element-f58a52c elementor-widget elementor-widget-pxl_text_editor\" data-id=\"f58a52c\" data-element_type=\"widget\" data-widget_type=\"pxl_text_editor.default\">\n\t\t\t\t<div class=\"elementor-widget-container\">\n\t\t\t\t\t<div class=\"pxl-text-editor\">\n\t<div class=\"pxl-item--inner\" data-wow-delay=\"ms\">\n\t\t<p><strong>Teknoloji Altyap\u0131s\u0131<\/strong>:<\/p><p>: Lojistikte teknoloji kullan\u0131m\u0131, s\u00fcre\u00e7leri optimize etme ve izleme konusunda \u00f6nemlidir. \u015eirketin kulland\u0131\u011f\u0131 ta\u015f\u0131ma y\u00f6netim sistemleri (TMS), envanter y\u00f6netim sistemleri (IMS) gibi teknolojik altyap\u0131y\u0131 de\u011ferlendirin.<\/p>\t\t\n\t<\/div>\n<\/div>\t\t\t\t<\/div>\n\t\t\t\t<\/div>\n\t\t\t\t<div class=\"elementor-element elementor-element-47e0bbb elementor-widget elementor-widget-pxl_text_editor\" data-id=\"47e0bbb\" data-element_type=\"widget\" data-widget_type=\"pxl_text_editor.default\">\n\t\t\t\t<div class=\"elementor-widget-container\">\n\t\t\t\t\t<div class=\"pxl-text-editor\">\n\t<div class=\"pxl-item--inner\" data-wow-delay=\"ms\">\n\t\t<p><strong>Referanslar ve \u0130ncelemeler<\/strong>:<\/p><p>M\u00fc\u015fteri referanslar\u0131 ve \u015firket hakk\u0131ndaki incelemeler, \u015firketin ge\u00e7mi\u015f performans\u0131 ve m\u00fc\u015fteri memnuniyeti konusunda size bilgi sa\u011flayabilir. Bu, \u015firketin g\u00fcvenilirli\u011fi ve hizmet kalitesi hakk\u0131nda fikir edinmenize yard\u0131mc\u0131 olabilir.<\/p>\t\t\n\t<\/div>\n<\/div>\t\t\t\t<\/div>\n\t\t\t\t<\/div>\n\t\t\t\t<div class=\"elementor-element elementor-element-7b1b699 elementor-widget elementor-widget-pxl_text_editor\" data-id=\"7b1b699\" data-element_type=\"widget\" data-widget_type=\"pxl_text_editor.default\">\n\t\t\t\t<div class=\"elementor-widget-container\">\n\t\t\t\t\t<div class=\"pxl-text-editor\">\n\t<div class=\"pxl-item--inner\" data-wow-delay=\"ms\">\n\t\t<p><strong>G\u00fcvenlik ve Sigorta<\/strong>:<\/p><p>Ta\u015f\u0131nan malzemelerin g\u00fcvenli\u011fi \u00f6nemlidir. \u015eirketin g\u00fcvenlik politikalar\u0131n\u0131, depolama ko\u015fullar\u0131n\u0131 ve sigorta se\u00e7eneklerini de\u011ferlendirin. Malzemenizin ta\u015f\u0131nmas\u0131 s\u0131ras\u0131nda olas\u0131 risklere kar\u015f\u0131 nas\u0131l bir g\u00fcvenlik \u00f6nlemi ald\u0131klar\u0131n\u0131 \u00f6\u011frenin.<\/p>\t\t\n\t<\/div>\n<\/div>\t\t\t\t<\/div>\n\t\t\t\t<\/div>\n\t\t\t\t<div class=\"elementor-element elementor-element-0a207a6 elementor-widget elementor-widget-pxl_text_editor\" data-id=\"0a207a6\" data-element_type=\"widget\" data-widget_type=\"pxl_text_editor.default\">\n\t\t\t\t<div class=\"elementor-widget-container\">\n\t\t\t\t\t<div class=\"pxl-text-editor\">\n\t<div class=\"pxl-item--inner\" data-wow-delay=\"ms\">\n\t\t<strong>Maliyet<\/strong>:<br>Tabii ki, maliyet fakt\u00f6r\u00fc de \u00f6nemlidir. Ancak, sadece maliyeti de\u011fil, ayn\u0131 zamanda sunulan hizmetin kalitesini de de\u011ferlendirmek \u00f6nemlidir. En d\u00fc\u015f\u00fck maliyetli se\u00e7enek her zaman en iyi se\u00e7enek olmayabilir.\t\t\n\t<\/div>\n<\/div>\t\t\t\t<\/div>\n\t\t\t\t<\/div>\n\t\t\t\t<div class=\"elementor-element elementor-element-9e8c93d elementor-widget elementor-widget-pxl_text_editor\" data-id=\"9e8c93d\" data-element_type=\"widget\" data-widget_type=\"pxl_text_editor.default\">\n\t\t\t\t<div class=\"elementor-widget-container\">\n\t\t\t\t\t<div class=\"pxl-text-editor\">\n\t<div class=\"pxl-item--inner\" data-wow-delay=\"ms\">\n\t\t<p><strong>S\u00fcrd\u00fcr\u00fclebilirlik<\/strong>:<\/p><p>S\u00fcrd\u00fcr\u00fclebilirlik, g\u00fcn\u00fcm\u00fczde \u00f6nemli bir fakt\u00f6rd\u00fcr. Lojistik \u015firketinin s\u00fcrd\u00fcr\u00fclebilirlik politikalar\u0131n\u0131 ve \u00e7evresel etkilerini de\u011ferlendirin.<\/p>\t\t\n\t<\/div>\n<\/div>\t\t\t\t<\/div>\n\t\t\t\t<\/div>\n\t\t\t\t<div class=\"elementor-element elementor-element-63ab4fe elementor-widget elementor-widget-pxl_text_editor\" data-id=\"63ab4fe\" data-element_type=\"widget\" data-widget_type=\"pxl_text_editor.default\">\n\t\t\t\t<div class=\"elementor-widget-container\">\n\t\t\t\t\t<div class=\"pxl-text-editor\">\n\t<div class=\"pxl-item--inner\" data-wow-delay=\"ms\">\n\t\t<p>Bu fakt\u00f6rleri dikkate alarak, i\u015fletmenizin ihtiya\u00e7lar\u0131na en uygun lojistik \u015firketini se\u00e7ebilir ve tedarik zinciri s\u00fcre\u00e7lerinizi daha etkili hale getirebilirsiniz.<\/p>\t\t\n\t<\/div>\n<\/div>\t\t\t\t<\/div>\n\t\t\t\t<\/div>\n\t\t            <\/div>\r\n        <\/div>\r\n        \t\t\t<\/div>\n\t\t<\/section>\n\t\t\t\t<\/div>","protected":false},"excerpt":{"rendered":"<p>Factors to Consider When Choosing a Logistics Company There are several important factors to consider when choosing a logistics company. Selecting a company that suits your business\u2019s logistics needs can help streamline your processes and improve efficiency. Experience and Expertise: When choosing a logistics company, evaluate how long the company has been in operation and [&hellip;]<\/p>","protected":false},"author":1,"featured_media":0,"parent":42,"menu_order":0,"comment_status":"closed","ping_status":"closed","template":"elementor_header_footer","meta":{"footnotes":""},"class_list":["post-10686","page","type-page","status-publish","hentry"],"_links":{"self":[{"href":"https:\/\/www.vililogistics.com\/tr\/wp-json\/wp\/v2\/pages\/10686","targetHints":{"allow":["GET"]}}],"collection":[{"href":"https:\/\/www.vililogistics.com\/tr\/wp-json\/wp\/v2\/pages"}],"about":[{"href":"https:\/\/www.vililogistics.com\/tr\/wp-json\/wp\/v2\/types\/page"}],"author":[{"embeddable":true,"href":"https:\/\/www.vililogistics.com\/tr\/wp-json\/wp\/v2\/users\/1"}],"replies":[{"embeddable":true,"href":"https:\/\/www.vililogistics.com\/tr\/wp-json\/wp\/v2\/comments?post=10686"}],"version-history":[{"count":8,"href":"https:\/\/www.vililogistics.com\/tr\/wp-json\/wp\/v2\/pages\/10686\/revisions"}],"predecessor-version":[{"id":10705,"href":"https:\/\/www.vililogistics.com\/tr\/wp-json\/wp\/v2\/pages\/10686\/revisions\/10705"}],"up":[{"embeddable":true,"href":"https:\/\/www.vililogistics.com\/tr\/wp-json\/wp\/v2\/pages\/42"}],"wp:attachment":[{"href":"https:\/\/www.vililogistics.com\/tr\/wp-json\/wp\/v2\/media?parent=10686"}],"curies":[{"name":"wp","href":"https:\/\/api.w.org\/{rel}","templated":true}]}}