{"id":10573,"date":"2024-11-13T21:50:15","date_gmt":"2024-11-13T21:50:15","guid":{"rendered":"https:\/\/www.vililogistics.com\/?page_id=10573"},"modified":"2024-11-13T23:18:50","modified_gmt":"2024-11-13T23:18:50","slug":"what-you-need-to-know-about-logistics","status":"publish","type":"page","link":"https:\/\/www.vililogistics.com\/tr\/our-blog\/what-you-need-to-know-about-logistics\/","title":{"rendered":"Lojistik Hakk\u0131nda Bilinmesi Gerekenler"},"content":{"rendered":"<div data-elementor-type=\"wp-page\" data-elementor-id=\"10573\" class=\"elementor elementor-10573\" data-elementor-post-type=\"page\">\n\t\t\t\t        <section class=\"elementor-section elementor-top-section elementor-element elementor-element-ed75300 elementor-section-boxed elementor-section-height-default elementor-section-height-default pxl-row-scroll-none pxl-section-overflow-visible pxl-bg-color-none pxl-section-overlay-none\" data-id=\"ed75300\" data-element_type=\"section\">\n\n                \n                <div class=\"elementor-container elementor-column-gap-default\">\n                <div class=\"elementor-column elementor-col-100 elementor-top-column elementor-element elementor-element-0eb00ba pxl-column-none pxl-column-overflow-hidden-no\" data-id=\"0eb00ba\" data-element_type=\"column\">\r\n        <div class=\"elementor-widget-wrap elementor-element-populated\">\r\n                     \r\n        \t\t<div class=\"elementor-element elementor-element-e645020 elementor-widget elementor-widget-pxl_heading\" data-id=\"e645020\" data-element_type=\"widget\" data-widget_type=\"pxl_heading.default\">\n\t\t\t\t<div class=\"elementor-widget-container\">\n\t\t\t\t\t<div id=\"pxl-pxl_heading-e645020-9198\" class=\"pxl-heading pxl-heading--tcustom px-sub-title-default-style\">\n\t<div class=\"pxl-heading--inner\">\n\t\t\t\t\t\n\t<h3 class=\"pxl-item--title\" data-wow-delay=\"ms\">\n\tLojistik Hakk\u0131nda Bilinmesi Gerekenler\t\t\t\n\t<\/h3>\n\t\n<\/div>\n<\/div>\t\t\t\t<\/div>\n\t\t\t\t<\/div>\n\t\t\t\t<div class=\"elementor-element elementor-element-f8a33a2 elementor-widget elementor-widget-pxl_text_editor\" data-id=\"f8a33a2\" data-element_type=\"widget\" data-widget_type=\"pxl_text_editor.default\">\n\t\t\t\t<div class=\"elementor-widget-container\">\n\t\t\t\t\t<div class=\"pxl-text-editor\">\n\t<div class=\"pxl-item--inner\" data-wow-delay=\"ms\">\n\t\t<p>Lojistik, mal ve hizmetlerin \u00fcretiminden t\u00fcketiciye ula\u015ft\u0131r\u0131lmas\u0131na kadar olan s\u00fcrecin planlanmas\u0131, uygulanmas\u0131 ve kontrol edilmesiyle ilgilenen bir alan\u0131 ifade eder. \u0130\u015f d\u00fcnyas\u0131nda, lojistik s\u00fcre\u00e7lerin etkin bir \u015fekilde y\u00f6netilmesi, i\u015fletmelerin rekabet avantaj\u0131 elde etmelerine ve m\u00fc\u015fteri memnuniyetini art\u0131rmalar\u0131na yard\u0131mc\u0131 olabilir. \u0130\u015fte lojistikle ilgili baz\u0131 temel konular:<\/p>\t\t\n\t<\/div>\n<\/div>\t\t\t\t<\/div>\n\t\t\t\t<\/div>\n\t\t\t\t<div class=\"elementor-element elementor-element-1f80060 elementor-widget elementor-widget-pxl_text_editor\" data-id=\"1f80060\" data-element_type=\"widget\" data-widget_type=\"pxl_text_editor.default\">\n\t\t\t\t<div class=\"elementor-widget-container\">\n\t\t\t\t\t<div class=\"pxl-text-editor\">\n\t<div class=\"pxl-item--inner\" data-wow-delay=\"ms\">\n\t\t<p><strong>Tedarik Zinciri Y\u00f6netimi<\/strong>:<\/p><p>Lojistik, genellikle tedarik zinciri y\u00f6netiminin bir par\u00e7as\u0131 olarak d\u00fc\u015f\u00fcn\u00fcl\u00fcr. Tedarik zinciri, mal ve hizmetlerin \u00fcretiminden ba\u015flayarak, tedarik, \u00fcretim, depolama ve da\u011f\u0131t\u0131m s\u00fcre\u00e7lerini i\u00e7erir. Lojistik, tedarik zinciri i\u00e7indeki malzeme ak\u0131\u015f\u0131n\u0131 optimize etmeye odaklan\u0131r.<\/p>\t\t\n\t<\/div>\n<\/div>\t\t\t\t<\/div>\n\t\t\t\t<\/div>\n\t\t\t\t<div class=\"elementor-element elementor-element-8c7014d elementor-widget elementor-widget-pxl_text_editor\" data-id=\"8c7014d\" data-element_type=\"widget\" data-widget_type=\"pxl_text_editor.default\">\n\t\t\t\t<div class=\"elementor-widget-container\">\n\t\t\t\t\t<div class=\"pxl-text-editor\">\n\t<div class=\"pxl-item--inner\" data-wow-delay=\"ms\">\n\t\t<p>Bunlar, ay\u0131rt edici k\u00fclt\u00fcr\u00fcm\u00fcz\u00fc \u015fekillendiren ve bizi di\u011ferlerinden ay\u0131ran kavramlard\u0131r. Firmam\u0131z\u0131n benzersiz ruhunu olu\u015ftururlar ve m\u00fc\u015fterilerimize ve \u00e7al\u0131\u015fanlar\u0131m\u0131za verdi\u011fimiz s\u00f6zleri yerine getirmemizi sa\u011flayan davran\u0131\u015flara rehberlik ederler.<\/p>\t\t\n\t<\/div>\n<\/div>\t\t\t\t<\/div>\n\t\t\t\t<\/div>\n\t\t\t\t<div class=\"elementor-element elementor-element-b134304 elementor-widget elementor-widget-pxl_text_editor\" data-id=\"b134304\" data-element_type=\"widget\" data-widget_type=\"pxl_text_editor.default\">\n\t\t\t\t<div class=\"elementor-widget-container\">\n\t\t\t\t\t<div class=\"pxl-text-editor\">\n\t<div class=\"pxl-item--inner\" data-wow-delay=\"ms\">\n\t\t<p><strong>Ta\u015f\u0131mac\u0131l\u0131k<\/strong>:<\/p><p>Lojistikte en temel unsurlardan biri, mal ve hizmetlerin bir yerden ba\u015fka bir yere ta\u015f\u0131nmas\u0131d\u0131r. Karayolu, demiryolu, denizyolu, hava yolu ve boru hatt\u0131 gibi \u00e7e\u015fitli ta\u015f\u0131ma modlar\u0131 kullan\u0131labilir. Do\u011fru ta\u015f\u0131ma modunu se\u00e7mek, maliyetleri d\u00fc\u015f\u00fcrmeye ve teslimat s\u00fcrelerini iyile\u015ftirmeye yard\u0131mc\u0131 olabilir.<\/p>\t\t\n\t<\/div>\n<\/div>\t\t\t\t<\/div>\n\t\t\t\t<\/div>\n\t\t        <section class=\"elementor-section elementor-inner-section elementor-element elementor-element-8c46cb6 elementor-section-boxed elementor-section-height-default elementor-section-height-default pxl-row-scroll-none pxl-section-overflow-visible pxl-bg-color-none pxl-section-overlay-none\" data-id=\"8c46cb6\" data-element_type=\"section\">\n\n                \n                <div class=\"elementor-container elementor-column-gap-no\">\n                <div class=\"elementor-column elementor-col-50 elementor-inner-column elementor-element elementor-element-f2ba899 pxl-column-none pxl-column-overflow-hidden-no\" data-id=\"f2ba899\" data-element_type=\"column\">\r\n        <div class=\"elementor-widget-wrap elementor-element-populated\">\r\n                     \r\n        \t\t<div class=\"elementor-element elementor-element-76ad9e1 elementor-widget elementor-widget-pxl_image\" data-id=\"76ad9e1\" data-element_type=\"widget\" data-widget_type=\"pxl_image.default\">\n\t\t\t\t<div class=\"elementor-widget-container\">\n\t\t\t\t\t<div id=\"pxl_image-76ad9e1-6393\" class=\"pxl-image-single  style-default\" data-wow-delay=\"ms\" >\r\n    <div class=\"pxl-item--inner\" data-wow-delay=\"120ms\">\r\n        \r\n                                <div class=\"pxl-item--image\" data-parallax-value=\"\">\r\n                                                    <img decoding=\"async\" src=\"https:\/\/www.vililogistics.com\/wp-content\/uploads\/2023\/10\/single1.jpg\" class=\"no-lazyload attachment-full\" alt=\"\" \/>                                            <\/div>\r\n                            \r\n            <\/div>\r\n<\/div>\t\t\t\t<\/div>\n\t\t\t\t<\/div>\n\t\t            <\/div>\r\n        <\/div>\r\n                <div class=\"elementor-column elementor-col-50 elementor-inner-column elementor-element elementor-element-493e8f9 pxl-column-none pxl-column-overflow-hidden-no\" data-id=\"493e8f9\" data-element_type=\"column\">\r\n        <div class=\"elementor-widget-wrap elementor-element-populated\">\r\n                     \r\n        \t\t<div class=\"elementor-element elementor-element-1fd6b24 elementor-widget elementor-widget-pxl_image\" data-id=\"1fd6b24\" data-element_type=\"widget\" data-widget_type=\"pxl_image.default\">\n\t\t\t\t<div class=\"elementor-widget-container\">\n\t\t\t\t\t<div id=\"pxl_image-1fd6b24-2464\" class=\"pxl-image-single  style-default\" data-wow-delay=\"ms\" >\r\n    <div class=\"pxl-item--inner\" data-wow-delay=\"120ms\">\r\n        \r\n                                <div class=\"pxl-item--image\" data-parallax-value=\"\">\r\n                                                    <img decoding=\"async\" src=\"https:\/\/www.vililogistics.com\/wp-content\/uploads\/2023\/10\/single2.jpg\" class=\"no-lazyload attachment-full\" alt=\"\" \/>                                            <\/div>\r\n                            \r\n            <\/div>\r\n<\/div>\t\t\t\t<\/div>\n\t\t\t\t<\/div>\n\t\t            <\/div>\r\n        <\/div>\r\n        \t\t\t<\/div>\n\t\t<\/section>\n\t\t\t\t<div class=\"elementor-element elementor-element-0bdc4cb elementor-widget elementor-widget-pxl_text_editor\" data-id=\"0bdc4cb\" data-element_type=\"widget\" data-widget_type=\"pxl_text_editor.default\">\n\t\t\t\t<div class=\"elementor-widget-container\">\n\t\t\t\t\t<div class=\"pxl-text-editor\">\n\t<div class=\"pxl-item--inner\" data-wow-delay=\"ms\">\n\t\t<p><strong>Depolama ve Stok Y\u00f6netimi<\/strong>:<\/p><p>Depolama, malzeme ve \u00fcr\u00fcnlerin ge\u00e7ici olarak sakland\u0131\u011f\u0131 yerleri i\u00e7erir. Etkili depolama ve stok y\u00f6netimi, fazla stoklar\u0131n azalt\u0131lmas\u0131, depo alan\u0131n\u0131n optimize edilmesi ve talep de\u011fi\u015fikliklerine h\u0131zl\u0131 bir \u015fekilde adapte olunmas\u0131 a\u00e7\u0131s\u0131ndan \u00f6nemlidir.<\/p>\t\t\n\t<\/div>\n<\/div>\t\t\t\t<\/div>\n\t\t\t\t<\/div>\n\t\t\t\t<div class=\"elementor-element elementor-element-0db1a43 elementor-widget elementor-widget-pxl_text_editor\" data-id=\"0db1a43\" data-element_type=\"widget\" data-widget_type=\"pxl_text_editor.default\">\n\t\t\t\t<div class=\"elementor-widget-container\">\n\t\t\t\t\t<div class=\"pxl-text-editor\">\n\t<div class=\"pxl-item--inner\" data-wow-delay=\"ms\">\n\t\t<p><strong>Malzeme \u0130\u015fleme ve Paketleme<\/strong>: Malzeme i\u015fleme, malzeme ve \u00fcr\u00fcnlerin depodan al\u0131nmas\u0131, paketlenmesi ve sevkiyat i\u00e7in haz\u0131rlanmas\u0131 s\u00fcrecini kapsar. Do\u011fru malzeme i\u015fleme ve paketleme, \u00fcr\u00fcnlerin g\u00fcvenli ve d\u00fczenli bir \u015fekilde ta\u015f\u0131nmas\u0131n\u0131 sa\u011flar.<\/p>\t\t\n\t<\/div>\n<\/div>\t\t\t\t<\/div>\n\t\t\t\t<\/div>\n\t\t\t\t<div class=\"elementor-element elementor-element-65467ac elementor-widget elementor-widget-pxl_text_editor\" data-id=\"65467ac\" data-element_type=\"widget\" data-widget_type=\"pxl_text_editor.default\">\n\t\t\t\t<div class=\"elementor-widget-container\">\n\t\t\t\t\t<div class=\"pxl-text-editor\">\n\t<div class=\"pxl-item--inner\" data-wow-delay=\"ms\">\n\t\t<p><strong>Envanter Y\u00f6netimi<\/strong>: Envater y\u00f6netimi, i\u015fletmelerin sahip olduklar\u0131 malzeme ve \u00fcr\u00fcn miktar\u0131n\u0131 izleme, kontrol etme ve optimize etme s\u00fcrecidir. Do\u011fru envanter y\u00f6netimi, maliyetleri azaltabilir ve m\u00fc\u015fteri taleplerine daha iyi yan\u0131t verilmesine yard\u0131mc\u0131 olabilir.<\/p>\t\t\n\t<\/div>\n<\/div>\t\t\t\t<\/div>\n\t\t\t\t<\/div>\n\t\t\t\t<div class=\"elementor-element elementor-element-a59e819 elementor-widget elementor-widget-pxl_text_editor\" data-id=\"a59e819\" data-element_type=\"widget\" data-widget_type=\"pxl_text_editor.default\">\n\t\t\t\t<div class=\"elementor-widget-container\">\n\t\t\t\t\t<div class=\"pxl-text-editor\">\n\t<div class=\"pxl-item--inner\" data-wow-delay=\"ms\">\n\t\t<p><strong>Teknoloji Kullan\u0131m\u0131<\/strong>: Lojistikte teknoloji, ta\u015f\u0131ma y\u00f6netim sistemleri (TMS), envanter y\u00f6netim sistemleri (IMS), otomatik tan\u0131ma sistemleri (RFID), ve ak\u0131ll\u0131 analitik ara\u00e7lar\u0131 gibi \u00e7e\u015fitli ara\u00e7lar\u0131 i\u00e7erir. Bu teknolojiler, lojistik s\u00fcre\u00e7lerini daha etkin hale getirebilir ve verimlili\u011fi art\u0131rabilir.<\/p>\t\t\n\t<\/div>\n<\/div>\t\t\t\t<\/div>\n\t\t\t\t<\/div>\n\t\t\t\t<div class=\"elementor-element elementor-element-5b9af73 elementor-widget elementor-widget-pxl_text_editor\" data-id=\"5b9af73\" data-element_type=\"widget\" data-widget_type=\"pxl_text_editor.default\">\n\t\t\t\t<div class=\"elementor-widget-container\">\n\t\t\t\t\t<div class=\"pxl-text-editor\">\n\t<div class=\"pxl-item--inner\" data-wow-delay=\"ms\">\n\t\t<p><strong>G\u00fcmr\u00fck ve \u0130hracat<\/strong>: Uluslararas\u0131 lojistikte, g\u00fcmr\u00fck i\u015flemleri ve ihracat s\u00fcre\u00e7leri \u00f6nemli bir yer tutar. G\u00fcmr\u00fck d\u00fczenlemelerine uyum ve s\u0131n\u0131r \u00f6tesi ticaretin etkili y\u00f6netimi, k\u00fcresel lojistikte ba\u015far\u0131 i\u00e7in \u00f6nemlidir.<\/p>\t\t\n\t<\/div>\n<\/div>\t\t\t\t<\/div>\n\t\t\t\t<\/div>\n\t\t\t\t<div class=\"elementor-element elementor-element-d685fe5 elementor-widget elementor-widget-pxl_text_editor\" data-id=\"d685fe5\" data-element_type=\"widget\" data-widget_type=\"pxl_text_editor.default\">\n\t\t\t\t<div class=\"elementor-widget-container\">\n\t\t\t\t\t<div class=\"pxl-text-editor\">\n\t<div class=\"pxl-item--inner\" data-wow-delay=\"ms\">\n\t\t<p>Lojistik, i\u015fletmelerin genel performans\u0131n\u0131 \u00f6nemli \u00f6l\u00e7\u00fcde etkileyen karma\u015f\u0131k bir s\u00fcre\u00e7tir. Bu nedenle, lojistikle ilgilenen profesyonellerin, s\u00fcre\u00e7leri etkili bir \u015fekilde y\u00f6netmelerine yard\u0131mc\u0131 olacak bilgi ve becerilere sahip olmalar\u0131 \u00f6nemlidir.<\/p>\t\t\n\t<\/div>\n<\/div>\t\t\t\t<\/div>\n\t\t\t\t<\/div>\n\t\t            <\/div>\r\n        <\/div>\r\n        \t\t\t<\/div>\n\t\t<\/section>\n\t\t\t\t<\/div>","protected":false},"excerpt":{"rendered":"<p>What You Need to Know About Logistics Logistics refers to the field concerned with planning, implementing, and controlling the process from production to the delivery of goods and services to consumers. In business, effectively managing logistics processes can help companies gain a competitive edge and improve customer satisfaction. Here are some key aspects of logistics: [&hellip;]<\/p>","protected":false},"author":1,"featured_media":0,"parent":42,"menu_order":0,"comment_status":"closed","ping_status":"closed","template":"elementor_header_footer","meta":{"footnotes":""},"class_list":["post-10573","page","type-page","status-publish","hentry"],"_links":{"self":[{"href":"https:\/\/www.vililogistics.com\/tr\/wp-json\/wp\/v2\/pages\/10573","targetHints":{"allow":["GET"]}}],"collection":[{"href":"https:\/\/www.vililogistics.com\/tr\/wp-json\/wp\/v2\/pages"}],"about":[{"href":"https:\/\/www.vililogistics.com\/tr\/wp-json\/wp\/v2\/types\/page"}],"author":[{"embeddable":true,"href":"https:\/\/www.vililogistics.com\/tr\/wp-json\/wp\/v2\/users\/1"}],"replies":[{"embeddable":true,"href":"https:\/\/www.vililogistics.com\/tr\/wp-json\/wp\/v2\/comments?post=10573"}],"version-history":[{"count":4,"href":"https:\/\/www.vililogistics.com\/tr\/wp-json\/wp\/v2\/pages\/10573\/revisions"}],"predecessor-version":[{"id":10678,"href":"https:\/\/www.vililogistics.com\/tr\/wp-json\/wp\/v2\/pages\/10573\/revisions\/10678"}],"up":[{"embeddable":true,"href":"https:\/\/www.vililogistics.com\/tr\/wp-json\/wp\/v2\/pages\/42"}],"wp:attachment":[{"href":"https:\/\/www.vililogistics.com\/tr\/wp-json\/wp\/v2\/media?parent=10573"}],"curies":[{"name":"wp","href":"https:\/\/api.w.org\/{rel}","templated":true}]}}