{"id":10563,"date":"2024-11-13T21:47:04","date_gmt":"2024-11-13T21:47:04","guid":{"rendered":"https:\/\/www.vililogistics.com\/?page_id=10563"},"modified":"2024-11-13T23:46:47","modified_gmt":"2024-11-13T23:46:47","slug":"what-is-locistics","status":"publish","type":"page","link":"https:\/\/www.vililogistics.com\/tr\/our-blog\/what-is-locistics\/","title":{"rendered":"Lojistik nedir?"},"content":{"rendered":"<div data-elementor-type=\"wp-page\" data-elementor-id=\"10563\" class=\"elementor elementor-10563\" data-elementor-post-type=\"page\">\n\t\t\t\t        <section class=\"elementor-section elementor-top-section elementor-element elementor-element-c568cfc elementor-section-boxed elementor-section-height-default elementor-section-height-default pxl-row-scroll-none pxl-section-overflow-visible pxl-bg-color-none pxl-section-overlay-none\" data-id=\"c568cfc\" data-element_type=\"section\">\n\n                \n                <div class=\"elementor-container elementor-column-gap-default\">\n                <div class=\"elementor-column elementor-col-100 elementor-top-column elementor-element elementor-element-1ecc845 pxl-column-none pxl-column-overflow-hidden-no\" data-id=\"1ecc845\" data-element_type=\"column\">\r\n        <div class=\"elementor-widget-wrap elementor-element-populated\">\r\n                     \r\n        \t\t<div class=\"elementor-element elementor-element-77462b5 elementor-widget elementor-widget-pxl_heading\" data-id=\"77462b5\" data-element_type=\"widget\" data-widget_type=\"pxl_heading.default\">\n\t\t\t\t<div class=\"elementor-widget-container\">\n\t\t\t\t\t<div id=\"pxl-pxl_heading-77462b5-9456\" class=\"pxl-heading pxl-heading--tcustom px-sub-title-default-style\">\n\t<div class=\"pxl-heading--inner\">\n\t\t\t\t\t\n\t<h3 class=\"pxl-item--title\" data-wow-delay=\"ms\">\n\tLojistik Nedir?\t\t\t\n\t<\/h3>\n\t\n<\/div>\n<\/div>\t\t\t\t<\/div>\n\t\t\t\t<\/div>\n\t\t\t\t<div class=\"elementor-element elementor-element-9a82c1e elementor-widget elementor-widget-pxl_text_editor\" data-id=\"9a82c1e\" data-element_type=\"widget\" data-widget_type=\"pxl_text_editor.default\">\n\t\t\t\t<div class=\"elementor-widget-container\">\n\t\t\t\t\t<div class=\"pxl-text-editor\">\n\t<div class=\"pxl-item--inner\" data-wow-delay=\"ms\">\n\t\t<p>Lojistik, malzeme ve hizmetlerin \u00fcretim noktas\u0131ndan t\u00fcketiciye kadar olan s\u00fcre\u00e7lerin planlanmas\u0131, uygulanmas\u0131 ve kontrol edilmesi ile ilgilenen bir i\u015f alan\u0131d\u0131r. Bu s\u00fcre\u00e7ler, tedarik zinciri i\u00e7inde yer alan bir dizi faaliyeti kapsar. Temel olarak, lojistik, malzemenin ve \u00fcr\u00fcnlerin etkili bir \u015fekilde hareket etmesini, depolanmas\u0131n\u0131 ve y\u00f6netilmesini sa\u011flamak i\u00e7in \u00e7e\u015fitli stratejilerin ve y\u00f6netim metodolojilerinin kullan\u0131lmas\u0131yla ilgilenir.<\/p>\t\t\n\t<\/div>\n<\/div>\t\t\t\t<\/div>\n\t\t\t\t<\/div>\n\t\t\t\t<div class=\"elementor-element elementor-element-3d514da elementor-widget elementor-widget-pxl_text_editor\" data-id=\"3d514da\" data-element_type=\"widget\" data-widget_type=\"pxl_text_editor.default\">\n\t\t\t\t<div class=\"elementor-widget-container\">\n\t\t\t\t\t<div class=\"pxl-text-editor\">\n\t<div class=\"pxl-item--inner\" data-wow-delay=\"ms\">\n\t\t<p>Lojistik genellikle \u015fu ana unsurlar\u0131 i\u00e7erir:<\/p>\t\t\n\t<\/div>\n<\/div>\t\t\t\t<\/div>\n\t\t\t\t<\/div>\n\t\t\t\t<div class=\"elementor-element elementor-element-6fc0d59 elementor-widget elementor-widget-pxl_text_editor\" data-id=\"6fc0d59\" data-element_type=\"widget\" data-widget_type=\"pxl_text_editor.default\">\n\t\t\t\t<div class=\"elementor-widget-container\">\n\t\t\t\t\t<div class=\"pxl-text-editor\">\n\t<div class=\"pxl-item--inner\" data-wow-delay=\"ms\">\n\t\t<p><strong>Tedarik Zinciri Y\u00f6netimi<\/strong>:<\/p><p>Malzeme ve \u00fcr\u00fcnlerin tedarikinden ba\u015flayarak, \u00fcretim, depolama, ta\u015f\u0131ma ve da\u011f\u0131t\u0131m s\u00fcre\u00e7lerini kapsar. Tedarik zinciri y\u00f6netimi, bu s\u00fcre\u00e7lerin optimize edilmesini ve koordinasyonunu i\u00e7erir.<\/p>\t\t\n\t<\/div>\n<\/div>\t\t\t\t<\/div>\n\t\t\t\t<\/div>\n\t\t\t\t<div class=\"elementor-element elementor-element-0bfca8b elementor-widget elementor-widget-pxl_text_editor\" data-id=\"0bfca8b\" data-element_type=\"widget\" data-widget_type=\"pxl_text_editor.default\">\n\t\t\t\t<div class=\"elementor-widget-container\">\n\t\t\t\t\t<div class=\"pxl-text-editor\">\n\t<div class=\"pxl-item--inner\" data-wow-delay=\"ms\">\n\t\t<p><strong>Ta\u015f\u0131mac\u0131l\u0131k<\/strong>:<\/p><p>Malzemenin bir yerden ba\u015fka bir yere nakliyesini i\u00e7erir. Karayolu, denizyolu, demiryolu, hava yolu ve boru hatt\u0131 gibi \u00e7e\u015fitli ta\u015f\u0131ma modlar\u0131 kullan\u0131labilir.<\/p>\t\t\n\t<\/div>\n<\/div>\t\t\t\t<\/div>\n\t\t\t\t<\/div>\n\t\t        <section class=\"elementor-section elementor-inner-section elementor-element elementor-element-443d064 elementor-section-boxed elementor-section-height-default elementor-section-height-default pxl-row-scroll-none pxl-section-overflow-visible pxl-bg-color-none pxl-section-overlay-none\" data-id=\"443d064\" data-element_type=\"section\">\n\n                \n                <div class=\"elementor-container elementor-column-gap-no\">\n                <div class=\"elementor-column elementor-col-50 elementor-inner-column elementor-element elementor-element-9f48b9a pxl-column-none pxl-column-overflow-hidden-no\" data-id=\"9f48b9a\" data-element_type=\"column\">\r\n        <div class=\"elementor-widget-wrap elementor-element-populated\">\r\n                     \r\n        \t\t<div class=\"elementor-element elementor-element-141ee39 elementor-widget elementor-widget-pxl_image\" data-id=\"141ee39\" data-element_type=\"widget\" data-widget_type=\"pxl_image.default\">\n\t\t\t\t<div class=\"elementor-widget-container\">\n\t\t\t\t\t<div id=\"pxl_image-141ee39-7833\" class=\"pxl-image-single  style-default\" data-wow-delay=\"ms\" >\r\n    <div class=\"pxl-item--inner\" data-wow-delay=\"120ms\">\r\n        \r\n                                <div class=\"pxl-item--image\" data-parallax-value=\"\">\r\n                                                    <img decoding=\"async\" src=\"https:\/\/www.vililogistics.com\/wp-content\/uploads\/2023\/10\/single1.jpg\" class=\"no-lazyload attachment-full\" alt=\"\" \/>                                            <\/div>\r\n                            \r\n            <\/div>\r\n<\/div>\t\t\t\t<\/div>\n\t\t\t\t<\/div>\n\t\t            <\/div>\r\n        <\/div>\r\n                <div class=\"elementor-column elementor-col-50 elementor-inner-column elementor-element elementor-element-e3ad66d pxl-column-none pxl-column-overflow-hidden-no\" data-id=\"e3ad66d\" data-element_type=\"column\">\r\n        <div class=\"elementor-widget-wrap elementor-element-populated\">\r\n                     \r\n        \t\t<div class=\"elementor-element elementor-element-5a46b15 elementor-widget elementor-widget-pxl_image\" data-id=\"5a46b15\" data-element_type=\"widget\" data-widget_type=\"pxl_image.default\">\n\t\t\t\t<div class=\"elementor-widget-container\">\n\t\t\t\t\t<div id=\"pxl_image-5a46b15-4833\" class=\"pxl-image-single  style-default\" data-wow-delay=\"ms\" >\r\n    <div class=\"pxl-item--inner\" data-wow-delay=\"120ms\">\r\n        \r\n                                <div class=\"pxl-item--image\" data-parallax-value=\"\">\r\n                                                    <img decoding=\"async\" src=\"https:\/\/www.vililogistics.com\/wp-content\/uploads\/2023\/10\/single2.jpg\" class=\"no-lazyload attachment-full\" alt=\"\" \/>                                            <\/div>\r\n                            \r\n            <\/div>\r\n<\/div>\t\t\t\t<\/div>\n\t\t\t\t<\/div>\n\t\t            <\/div>\r\n        <\/div>\r\n        \t\t\t<\/div>\n\t\t<\/section>\n\t\t\t\t<div class=\"elementor-element elementor-element-6b0df1a elementor-widget elementor-widget-pxl_text_editor\" data-id=\"6b0df1a\" data-element_type=\"widget\" data-widget_type=\"pxl_text_editor.default\">\n\t\t\t\t<div class=\"elementor-widget-container\">\n\t\t\t\t\t<div class=\"pxl-text-editor\">\n\t<div class=\"pxl-item--inner\" data-wow-delay=\"ms\">\n\t\t<p><strong>Depolama ve Stok Y\u00f6netimi<\/strong>:<\/p><p>Malzemenin ge\u00e7ici olarak depolanmas\u0131, envanter kontrol\u00fc ve stok y\u00f6netimi s\u00fcre\u00e7lerini i\u00e7erir. Do\u011fru depolama ve stok y\u00f6netimi, maliyetleri d\u00fc\u015f\u00fcrebilir ve tedarik zinciri s\u00fcre\u00e7lerini optimize edebilir.<\/p>\t\t\n\t<\/div>\n<\/div>\t\t\t\t<\/div>\n\t\t\t\t<\/div>\n\t\t\t\t<div class=\"elementor-element elementor-element-be38831 elementor-widget elementor-widget-pxl_text_editor\" data-id=\"be38831\" data-element_type=\"widget\" data-widget_type=\"pxl_text_editor.default\">\n\t\t\t\t<div class=\"elementor-widget-container\">\n\t\t\t\t\t<div class=\"pxl-text-editor\">\n\t<div class=\"pxl-item--inner\" data-wow-delay=\"ms\">\n\t\t<p><strong>Malzeme \u0130\u015fleme ve Paketleme<\/strong>: Malzeme ve \u00fcr\u00fcnlerin al\u0131nmas\u0131, paketlenmesi ve sevkiyata haz\u0131rlanmas\u0131 s\u00fcre\u00e7lerini i\u00e7erir.<\/p>\t\t\n\t<\/div>\n<\/div>\t\t\t\t<\/div>\n\t\t\t\t<\/div>\n\t\t\t\t<div class=\"elementor-element elementor-element-ef766a7 elementor-widget elementor-widget-pxl_text_editor\" data-id=\"ef766a7\" data-element_type=\"widget\" data-widget_type=\"pxl_text_editor.default\">\n\t\t\t\t<div class=\"elementor-widget-container\">\n\t\t\t\t\t<div class=\"pxl-text-editor\">\n\t<div class=\"pxl-item--inner\" data-wow-delay=\"ms\">\n\t\t<p><strong>Enformasyon Ak\u0131\u015f\u0131<\/strong>:<\/p><p>Lojistik s\u00fcre\u00e7lerinin y\u00f6netimi i\u00e7in gerekli olan bilgilerin toplanmas\u0131, analizi ve iletilmesi s\u00fcre\u00e7lerini i\u00e7erir. Bu, tedarik zinciri i\u00e7indeki payda\u015flar aras\u0131nda etkile\u015fimi kolayla\u015ft\u0131rabilir.<\/p>\t\t\n\t<\/div>\n<\/div>\t\t\t\t<\/div>\n\t\t\t\t<\/div>\n\t\t\t\t<div class=\"elementor-element elementor-element-446e582 elementor-widget elementor-widget-pxl_text_editor\" data-id=\"446e582\" data-element_type=\"widget\" data-widget_type=\"pxl_text_editor.default\">\n\t\t\t\t<div class=\"elementor-widget-container\">\n\t\t\t\t\t<div class=\"pxl-text-editor\">\n\t<div class=\"pxl-item--inner\" data-wow-delay=\"ms\">\n\t\t<p><strong>G\u00fcmr\u00fck ve \u0130hracat \u0130\u015flemleri<\/strong>:<\/p><p>Uluslararas\u0131 lojistikte, g\u00fcmr\u00fck i\u015flemleri ve ihracat s\u00fcre\u00e7leri \u00f6nemli bir yer tutar.<\/p>\t\t\n\t<\/div>\n<\/div>\t\t\t\t<\/div>\n\t\t\t\t<\/div>\n\t\t\t\t<div class=\"elementor-element elementor-element-66a6f79 elementor-widget elementor-widget-pxl_text_editor\" data-id=\"66a6f79\" data-element_type=\"widget\" data-widget_type=\"pxl_text_editor.default\">\n\t\t\t\t<div class=\"elementor-widget-container\">\n\t\t\t\t\t<div class=\"pxl-text-editor\">\n\t<div class=\"pxl-item--inner\" data-wow-delay=\"ms\">\n\t\t<p>Lojistik, g\u00fcn\u00fcm\u00fczde i\u015f d\u00fcnyas\u0131nda \u00f6nemli bir stratejik unsurdur \u00e7\u00fcnk\u00fc etkili bir lojistik y\u00f6netimi, i\u015fletmelerin rekabet avantaj\u0131 elde etmelerine ve m\u00fc\u015fteri memnuniyetini art\u0131rmalar\u0131na yard\u0131mc\u0131 olabilir. Ayr\u0131ca, global tedarik zinciri a\u011flar\u0131n\u0131n giderek karma\u015f\u0131k hale geldi\u011fi g\u00fcn\u00fcm\u00fczde, lojistik, i\u015fletmelerin k\u00fcresel pazarda ba\u015far\u0131l\u0131 olmalar\u0131 i\u00e7in kritik bir rol oynamaktad\u0131r.<\/p>\t\t\n\t<\/div>\n<\/div>\t\t\t\t<\/div>\n\t\t\t\t<\/div>\n\t\t            <\/div>\r\n        <\/div>\r\n        \t\t\t<\/div>\n\t\t<\/section>\n\t\t\t\t<\/div>","protected":false},"excerpt":{"rendered":"<p>What is Logistics? Logistics is a business field that involves the planning, execution, and control of processes that move materials and services from the production point to the consumer. These processes encompass a series of activities within the supply chain. Essentially, logistics focuses on ensuring the effective movement, storage, and management of materials and products [&hellip;]<\/p>","protected":false},"author":1,"featured_media":0,"parent":42,"menu_order":0,"comment_status":"closed","ping_status":"closed","template":"elementor_header_footer","meta":{"footnotes":""},"class_list":["post-10563","page","type-page","status-publish","hentry"],"_links":{"self":[{"href":"https:\/\/www.vililogistics.com\/tr\/wp-json\/wp\/v2\/pages\/10563","targetHints":{"allow":["GET"]}}],"collection":[{"href":"https:\/\/www.vililogistics.com\/tr\/wp-json\/wp\/v2\/pages"}],"about":[{"href":"https:\/\/www.vililogistics.com\/tr\/wp-json\/wp\/v2\/types\/page"}],"author":[{"embeddable":true,"href":"https:\/\/www.vililogistics.com\/tr\/wp-json\/wp\/v2\/users\/1"}],"replies":[{"embeddable":true,"href":"https:\/\/www.vililogistics.com\/tr\/wp-json\/wp\/v2\/comments?post=10563"}],"version-history":[{"count":5,"href":"https:\/\/www.vililogistics.com\/tr\/wp-json\/wp\/v2\/pages\/10563\/revisions"}],"predecessor-version":[{"id":10677,"href":"https:\/\/www.vililogistics.com\/tr\/wp-json\/wp\/v2\/pages\/10563\/revisions\/10677"}],"up":[{"embeddable":true,"href":"https:\/\/www.vililogistics.com\/tr\/wp-json\/wp\/v2\/pages\/42"}],"wp:attachment":[{"href":"https:\/\/www.vililogistics.com\/tr\/wp-json\/wp\/v2\/media?parent=10563"}],"curies":[{"name":"wp","href":"https:\/\/api.w.org\/{rel}","templated":true}]}}