{"id":10480,"date":"2024-11-13T09:21:02","date_gmt":"2024-11-13T09:21:02","guid":{"rendered":"https:\/\/www.vililogistics.com\/?page_id=10480"},"modified":"2024-11-13T23:53:25","modified_gmt":"2024-11-13T23:53:25","slug":"request-a-quote","status":"publish","type":"page","link":"https:\/\/www.vililogistics.com\/tr\/request-a-quote\/","title":{"rendered":"Teklif Al\u0131n"},"content":{"rendered":"<div data-elementor-type=\"wp-page\" data-elementor-id=\"10480\" class=\"elementor elementor-10480\" data-elementor-post-type=\"page\">\n\t\t\t\t        <section class=\"elementor-section elementor-top-section elementor-element elementor-element-2990d4d6 elementor-section-boxed elementor-section-height-default elementor-section-height-default pxl-row-scroll-none pxl-section-overflow-visible pxl-bg-color-none pxl-section-overlay-none\" data-id=\"2990d4d6\" data-element_type=\"section\">\n\n                \n                <div class=\"elementor-container elementor-column-gap-default\">\n                <div class=\"elementor-column elementor-col-100 elementor-top-column elementor-element elementor-element-65ca7a1e pxl-column-none pxl-column-overflow-hidden-no\" data-id=\"65ca7a1e\" data-element_type=\"column\">\r\n        <div class=\"elementor-widget-wrap elementor-element-populated\">\r\n                     \r\n        \t\t<div class=\"elementor-element elementor-element-f92739b elementor-widget elementor-widget-text-editor\" data-id=\"f92739b\" data-element_type=\"widget\" data-widget_type=\"text-editor.default\">\n\t\t\t\t<div class=\"elementor-widget-container\">\n\t\t\t\t\t\t\t\t\t\n<pre class=\"wp-block-code\"><code><\/code><\/pre>\n\t\t\t\t\t\t\t\t<\/div>\n\t\t\t\t<\/div>\n\t\t            <\/div>\r\n        <\/div>\r\n        \t\t\t<\/div>\n\t\t<\/section>\n\t\t        <section class=\"elementor-section elementor-top-section elementor-element elementor-element-6386ad3 elementor-section-boxed elementor-section-height-default elementor-section-height-default pxl-row-scroll-none pxl-section-overflow-visible pxl-bg-color-none pxl-section-overlay-none\" data-id=\"6386ad3\" data-element_type=\"section\">\n\n                \n                <div class=\"elementor-container elementor-column-gap-default\">\n                <div class=\"elementor-column elementor-col-100 elementor-top-column elementor-element elementor-element-8613dc5 pxl-column-none pxl-column-overflow-hidden-no\" data-id=\"8613dc5\" data-element_type=\"column\">\r\n        <div class=\"elementor-widget-wrap elementor-element-populated\">\r\n                     \r\n        \t\t<div class=\"elementor-element elementor-element-0e5cdc4 elementor-widget elementor-widget-pxl_contact_form\" data-id=\"0e5cdc4\" data-element_type=\"widget\" data-widget_type=\"pxl_contact_form.default\">\n\t\t\t\t<div class=\"elementor-widget-container\">\n\t\t\t\t\t    <div class=\"pxl-contact-form pxl-contact-form1 btn-w-auto\" data-wow-delay=\"ms\">\r\n        \n<div class=\"wpcf7 no-js\" id=\"wpcf7-f10495-o1\" lang=\"tr-TR\" dir=\"ltr\" data-wpcf7-id=\"10495\">\n<div class=\"screen-reader-response\"><p role=\"status\" aria-live=\"polite\" aria-atomic=\"true\"><\/p> <ul><\/ul><\/div>\n<form action=\"\/tr\/wp-json\/wp\/v2\/pages\/10480#wpcf7-f10495-o1\" method=\"post\" class=\"wpcf7-form init\" aria-label=\"\u0130leti\u015fim Formu\" novalidate=\"novalidate\" data-status=\"init\" data-trp-original-action=\"\/tr\/wp-json\/wp\/v2\/pages\/10480#wpcf7-f10495-o1\">\n<fieldset class=\"hidden-fields-container\"><input type=\"hidden\" name=\"_wpcf7\" value=\"10495\" \/><input type=\"hidden\" name=\"_wpcf7_version\" value=\"6.1.2\" \/><input type=\"hidden\" name=\"_wpcf7_locale\" value=\"tr_TR\" \/><input type=\"hidden\" name=\"_wpcf7_unit_tag\" value=\"wpcf7-f10495-o1\" \/><input type=\"hidden\" name=\"_wpcf7_container_post\" value=\"0\" \/><input type=\"hidden\" name=\"_wpcf7_posted_data_hash\" value=\"\" \/>\n<\/fieldset>\n<style>.uacf7-prev, .uacf7-next, .wpcf7-submit{ }\n<\/style>\n<div class=\"uacf7-multisetp-form\">\n\t<div class=\"uacf7-form-wrapper-container uacf7-form-10495\">\n\t\t<div class=\"wrap-ctf-calculate wrap-form\">\n\t\t\t<div class=\"containter\">\n\t\t\t\t<div class=\"form-row\">\n\t\t\t\t\t<div class=\"input-filled\">\n\t\t\t\t\t\t<h6>Ad\n\t\t\t\t\t\t<\/h6>\n\t\t\t\t\t\t<p><span class=\"wpcf7-form-control-wrap\" data-name=\"name-and-surname\"><input size=\"40\" maxlength=\"400\" class=\"wpcf7-form-control wpcf7-text wpcf7-validates-as-required\" aria-required=\"true\" aria-invalid=\"false\" placeholder=\"Ad\" value=\"\" type=\"text\" name=\"name-and-surname\" \/><\/span>\n\t\t\t\t\t\t<\/p>\n\t\t\t\t\t<\/div>\n\t\t\t\t\t<div class=\"input-filled\">\n\t\t\t\t\t\t<h6>Soyad\n\t\t\t\t\t\t<\/h6>\n\t\t\t\t\t\t<p><span class=\"wpcf7-form-control-wrap\" data-name=\"surname\"><input size=\"40\" maxlength=\"400\" class=\"wpcf7-form-control wpcf7-text wpcf7-validates-as-required\" aria-required=\"true\" aria-invalid=\"false\" placeholder=\"Soyad\" value=\"\" type=\"text\" name=\"surname\" \/><\/span>\n\t\t\t\t\t\t<\/p>\n\t\t\t\t\t<\/div>\n\t\t\t\t\t<div class=\"input-filled\">\n\t\t\t\t\t\t<h6>E-mail\n\t\t\t\t\t\t<\/h6>\n\t\t\t\t\t\t<p><span class=\"wpcf7-form-control-wrap\" data-name=\"email\"><input size=\"40\" maxlength=\"400\" class=\"wpcf7-form-control wpcf7-email wpcf7-validates-as-required wpcf7-text wpcf7-validates-as-email\" aria-required=\"true\" aria-invalid=\"false\" placeholder=\"e-mail\" value=\"\" type=\"email\" name=\"email\" \/><\/span>\n\t\t\t\t\t\t<\/p>\n\t\t\t\t\t<\/div>\n\t\t\t\t\t<div class=\"input-filled\">\n\t\t\t\t\t\t<h6>Telefon Numaras\u0131\n\t\t\t\t\t\t<\/h6>\n\t\t\t\t\t\t<p><span class=\"wpcf7-form-control-wrap\" data-name=\"phone\"><input size=\"40\" maxlength=\"400\" class=\"wpcf7-form-control wpcf7-tel wpcf7-validates-as-required wpcf7-text wpcf7-validates-as-tel\" aria-required=\"true\" aria-invalid=\"false\" placeholder=\"Telefon Numaras\u0131\" value=\"\" type=\"tel\" name=\"phone\" \/><\/span>\n\t\t\t\t\t\t<\/p>\n\t\t\t\t\t<\/div>\n\t\t\t\t<\/div>\n\t\t\t\t<div class=\"form-row\">\n\t\t\t\t\t<div class=\"input-filled label-text\">\n\t\t\t\t\t\t<h5>G\u00f6nderilen \u00dclke\n\t\t\t\t\t\t<\/h5>\n\t\t\t\t\t\t<p>\n\t\t\n\t\t\t<span id=\"uacf7_country_select\" class=\"wpcf7-form-control-wrap  uacf7_country_dropdown-292\">\n\n\t\t\t\t<input id=\"uacf7_countries_uacf7_country_dropdown-292\" type=\"text\" class=\"wpcf7-form-control wpcf7-uacf7_country_dropdown uacf7_country_dropdown_with_flag\" aria-invalid=\"false\" name=\"uacf7_country_dropdown-292\">\n\n\t\t\t\t<span> <\/span>\n\n\t\t\t\t<div style=\"display:none;\">\n\t\t\t\t\t<input type=\"hidden\" id=\"uacf7_countries_uacf7_country_dropdown-292_code\" data-countrycodeinput=\"1\"\n\t\t\t\t\t\treadonly=\"readonly\" placeholder=\"Selected country code will appear here\" \/>\n\t\t\t\t<\/div>\n\n\t\t\t<\/span>\n\t\t\n\t\t\t\t\t\t<\/p>\n\t\t\t\t\t<\/div>\n\t\t\t\t\t<div class=\"input-filled label-text\">\n\t\t\t\t\t\t<h5>Al\u0131c\u0131 \u00dclke\n\t\t\t\t\t\t<\/h5>\n\t\t\t\t\t\t<p>\n\t\t\n\t\t\t<span id=\"uacf7_country_select\" class=\"wpcf7-form-control-wrap  uacf7_country_dropdown-707\">\n\n\t\t\t\t<input id=\"uacf7_countries_uacf7_country_dropdown-707\" type=\"text\" class=\"wpcf7-form-control wpcf7-uacf7_country_dropdown wpcf7-validates-as-required uacf7_country_dropdown_with_flag\" aria-required=\"true\" aria-invalid=\"false\" name=\"uacf7_country_dropdown-707\">\n\n\t\t\t\t<span> <\/span>\n\n\t\t\t\t<div style=\"display:none;\">\n\t\t\t\t\t<input type=\"hidden\" id=\"uacf7_countries_uacf7_country_dropdown-707_code\" data-countrycodeinput=\"1\"\n\t\t\t\t\t\treadonly=\"readonly\" placeholder=\"Selected country code will appear here\" \/>\n\t\t\t\t<\/div>\n\n\t\t\t<\/span>\n\t\t\n\t\t\t\t\t\t<\/p>\n\t\t\t\t\t<\/div>\n\t\t\t\t<\/div>\n\t\t\t\t<div class=\"form-row\">\n\t\t\t\t\t<div class=\"form-column\">\n\t\t\t\t\t\t<p><label for=\"from-postcode\">G\u00f6nderilen \u00dclke Posta Kodu<\/label><br \/>\n<span class=\"wpcf7-form-control-wrap\" data-name=\"from-postcode\"><input size=\"40\" maxlength=\"400\" class=\"wpcf7-form-control wpcf7-text wpcf7-validates-as-required\" aria-required=\"true\" aria-invalid=\"false\" placeholder=\"Posta Kodu\" value=\"\" type=\"text\" name=\"from-postcode\" \/><\/span>\n\t\t\t\t\t\t<\/p>\n\t\t\t\t\t<\/div>\n\t\t\t\t\t<div class=\"form-column\">\n\t\t\t\t\t\t<p><label for=\"to-postcode\">Al\u0131c\u0131 \u00dclke Posta Kodu<\/label><br \/>\n<span class=\"wpcf7-form-control-wrap\" data-name=\"to-postcode\"><input size=\"40\" maxlength=\"400\" class=\"wpcf7-form-control wpcf7-text wpcf7-validates-as-required\" aria-required=\"true\" aria-invalid=\"false\" placeholder=\"Posta Kodu\" value=\"\" type=\"text\" name=\"to-postcode\" \/><\/span>\n\t\t\t\t\t\t<\/p>\n\t\t\t\t\t<\/div>\n\t\t\t\t<\/div>\n\t\t\t\t<div class=\"input-filled label-text\">\n\t\t\t\t\t<h5>Kargo Detaylar\u0131\n\t\t\t\t\t<\/h5>\n\t\t\t\t\t<div class=\"form-row\">\n\t\t\t\t\t\t<div class=\"input-filled label-text\">\n\t\t\t\t\t\t\t<h5>Miktar\n\t\t\t\t\t\t\t<\/h5>\n\t\t\t\t\t\t\t<p><span class=\"wpcf7-form-control-wrap\" data-name=\"quantity\"><input class=\"wpcf7-form-control wpcf7-number wpcf7-validates-as-required wpcf7-validates-as-number\" aria-required=\"true\" aria-invalid=\"false\" placeholder=\"0\" value=\"\" type=\"number\" name=\"quantity\" \/><\/span>\n\t\t\t\t\t\t\t<\/p>\n\t\t\t\t\t\t<\/div>\n\t\t\t\t\t\t<div class=\"input-filled label-text\">\n\t\t\t\t\t\t\t<h5>Uzunluk (cm)\n\t\t\t\t\t\t\t<\/h5>\n\t\t\t\t\t\t\t<p><span class=\"wpcf7-form-control-wrap\" data-name=\"length\"><input class=\"wpcf7-form-control wpcf7-number wpcf7-validates-as-required wpcf7-validates-as-number\" aria-required=\"true\" aria-invalid=\"false\" placeholder=\"0\" value=\"\" type=\"number\" name=\"length\" \/><\/span>\n\t\t\t\t\t\t\t<\/p>\n\t\t\t\t\t\t<\/div>\n\t\t\t\t\t\t<div class=\"input-filled label-text\">\n\t\t\t\t\t\t\t<h5>Geni\u015flik\n\t\t\t\t\t\t\t<\/h5>\n\t\t\t\t\t\t\t<p><span class=\"wpcf7-form-control-wrap\" data-name=\"width\"><input class=\"wpcf7-form-control wpcf7-number wpcf7-validates-as-required wpcf7-validates-as-number\" aria-required=\"true\" aria-invalid=\"false\" placeholder=\"0\" value=\"\" type=\"number\" name=\"width\" \/><\/span>\n\t\t\t\t\t\t\t<\/p>\n\t\t\t\t\t\t<\/div>\n\t\t\t\t\t\t<div class=\"input-filled label-text\">\n\t\t\t\t\t\t\t<h5>Y\u00fckseklik (cm)\n\t\t\t\t\t\t\t<\/h5>\n\t\t\t\t\t\t\t<p><span class=\"wpcf7-form-control-wrap\" data-name=\"height\"><input class=\"wpcf7-form-control wpcf7-number wpcf7-validates-as-required wpcf7-validates-as-number\" aria-required=\"true\" aria-invalid=\"false\" placeholder=\"0\" value=\"\" type=\"number\" name=\"height\" \/><\/span>\n\t\t\t\t\t\t\t<\/p>\n\t\t\t\t\t\t<\/div>\n\t\t\t\t\t\t<div class=\"input-filled label-text\">\n\t\t\t\t\t\t\t<h5>A\u011f\u0131rl\u0131k (kg)\n\t\t\t\t\t\t\t<\/h5>\n\t\t\t\t\t\t\t<p><span class=\"wpcf7-form-control-wrap\" data-name=\"weight\"><input class=\"wpcf7-form-control wpcf7-number wpcf7-validates-as-required wpcf7-validates-as-number\" aria-required=\"true\" aria-invalid=\"false\" placeholder=\"0\" value=\"\" type=\"number\" name=\"weight\" \/><\/span>\n\t\t\t\t\t\t\t<\/p>\n\t\t\t\t\t\t<\/div>\n\t\t\t\t\t<\/div>\n\t\t\t\t<\/div>\n\t\t\t\t<div class=\"input-filled label-text\">\n\t\t\t\t\t<h5>Incoterms\n\t\t\t\t\t<\/h5>\n\t\t\t\t\t<div class=\"input-filled label-text\">\n\t\t\t\t\t\t<p><span class=\"wpcf7-form-control-wrap\" data-name=\"radio-151\"><span class=\"wpcf7-form-control wpcf7-radio\"><span class=\"wpcf7-list-item first last\"><label><input type=\"radio\" name=\"radio-151\" value=\"DDP\" \/><span class=\"wpcf7-list-item-label\">DDP<\/span><\/label><\/span><\/span><\/span>\n\t\t\t\t\t\t<\/p>\n\t\t\t\t\t\t<p>Delivered Duty Paid (named place of destination). The seller bears all costs and risks until the goods' arrival at the named place of destination including all taxes and customs formalities, not unloaded.\n\t\t\t\t\t\t<\/p>\n\t\t\t\t\t<\/div>\n\t\t\t\t\t<div class=\"input-filled label-text\">\n\t\t\t\t\t\t<p><span class=\"wpcf7-form-control-wrap\" data-name=\"radio-151\"><span class=\"wpcf7-form-control wpcf7-radio\"><span class=\"wpcf7-list-item first last\"><label><input type=\"radio\" name=\"radio-151\" value=\"DPU\" \/><span class=\"wpcf7-list-item-label\">DPU<\/span><\/label><\/span><\/span><\/span>\n\t\t\t\t\t\t<\/p>\n\t\t\t\t\t\t<p>Delivered at Place Unloaded (named place of destination). The seller bears all risks and costs involved in bringing the goods to and unloading them at the named place of destination.\n\t\t\t\t\t\t<\/p>\n\t\t\t\t\t<\/div>\n\t\t\t\t\t<div class=\"input-filled label-text\">\n\t\t\t\t\t\t<p><span class=\"wpcf7-form-control-wrap\" data-name=\"radio-151\"><span class=\"wpcf7-form-control wpcf7-radio\"><span class=\"wpcf7-list-item first last\"><label><input type=\"radio\" name=\"radio-151\" value=\"DAP\" \/><span class=\"wpcf7-list-item-label\">DAP<\/span><\/label><\/span><\/span><\/span>\n\t\t\t\t\t\t<\/p>\n\t\t\t\t\t\t<p>Delivered At Place (named place of destination). The seller bears all costs and risks until arrival at the designated destination, excluding discharge.\n\t\t\t\t\t\t<\/p>\n\t\t\t\t\t<\/div>\n\t\t\t\t\t<div class=\"input-filled label-text\">\n\t\t\t\t\t\t<p><span class=\"wpcf7-form-control-wrap\" data-name=\"radio-151\"><span class=\"wpcf7-form-control wpcf7-radio\"><span class=\"wpcf7-list-item first last\"><label><input type=\"radio\" name=\"radio-151\" value=\"DDU\" \/><span class=\"wpcf7-list-item-label\">DDU<\/span><\/label><\/span><\/span><\/span>\n\t\t\t\t\t\t<\/p>\n\t\t\t\t\t\t<p>Delivered Duty Unpaid (named place of destination). The seller bears all costs and risks up to the named place, excluding discharge.\n\t\t\t\t\t\t<\/p>\n\t\t\t\t\t<\/div>\n\t\t\t\t\t<div class=\"input-filled label-text\">\n\t\t\t\t\t\t<p><span class=\"wpcf7-form-control-wrap\" data-name=\"radio-151\"><span class=\"wpcf7-form-control wpcf7-radio\"><span class=\"wpcf7-list-item first last\"><label><input type=\"radio\" name=\"radio-151\" value=\"CPT\" \/><span class=\"wpcf7-list-item-label\">CPT<\/span><\/label><\/span><\/span><\/span>\n\t\t\t\t\t\t<\/p>\n\t\t\t\t\t\t<p>Carriage Paid To (named place of destination). The seller has to arrange for the carriage to the named destination without bearing the risks of loss of and\/or damage to the goods or additional costs due to events occurring after acceptance of the goods.\n\t\t\t\t\t\t<\/p>\n\t\t\t\t\t<\/div>\n\t\t\t\t\t<div class=\"input-filled label-text\">\n\t\t\t\t\t\t<p><span class=\"wpcf7-form-control-wrap\" data-name=\"radio-151\"><span class=\"wpcf7-form-control wpcf7-radio\"><span class=\"wpcf7-list-item first last\"><label><input type=\"radio\" name=\"radio-151\" value=\"CIP\" \/><span class=\"wpcf7-list-item-label\">CIP<\/span><\/label><\/span><\/span><\/span>\n\t\t\t\t\t\t<\/p>\n\t\t\t\t\t\t<p>Carriage and Insurance Paid to (named place of destination). The seller has to arrange for the carriage to the named destination without bearing the risks of loss of and\/or damage to the goods or additional costs due to events occurring after acceptance the goods.\n\t\t\t\t\t\t<\/p>\n\t\t\t\t\t<\/div>\n\t\t\t\t<\/div>\n\t\t\t\t<div class=\"input-filled col-xl-12\">\n\t\t\t\t\t<p><button type=\"submit\" class=\"wpcf7-submit wpcf7-btn-abs\" > Teklif Al\u0131n <\/button>\n\t\t\t\t\t<\/p>\n\t\t\t\t<\/div>\n\t\t\t<\/div>\n\t\t<\/div>\n\t<\/div>\n<\/div>\n\t\t\t\t<div class=\"wpcf7-response-output\" aria-hidden=\"true\"><\/div>\n<input type=\"hidden\" name=\"trp-form-language\" value=\"tr\"\/><\/form>\n<\/div>\n    <\/div>\r\n\t\t\t\t<\/div>\n\t\t\t\t<\/div>\n\t\t            <\/div>\r\n        <\/div>\r\n        \t\t\t<\/div>\n\t\t<\/section>\n\t\t\t\t<\/div>","protected":false},"excerpt":{"rendered":"<p>\u00a0 Name Email Phone From Country To Country From Country Zip Code To Country Zip Code Cargo Details Quantity Length (cm) Width (cm) Height (cm) Weight (kg)<\/p>","protected":false},"author":1,"featured_media":0,"parent":0,"menu_order":0,"comment_status":"closed","ping_status":"closed","template":"elementor_header_footer","meta":{"footnotes":""},"class_list":["post-10480","page","type-page","status-publish","hentry"],"_links":{"self":[{"href":"https:\/\/www.vililogistics.com\/tr\/wp-json\/wp\/v2\/pages\/10480","targetHints":{"allow":["GET"]}}],"collection":[{"href":"https:\/\/www.vililogistics.com\/tr\/wp-json\/wp\/v2\/pages"}],"about":[{"href":"https:\/\/www.vililogistics.com\/tr\/wp-json\/wp\/v2\/types\/page"}],"author":[{"embeddable":true,"href":"https:\/\/www.vililogistics.com\/tr\/wp-json\/wp\/v2\/users\/1"}],"replies":[{"embeddable":true,"href":"https:\/\/www.vililogistics.com\/tr\/wp-json\/wp\/v2\/comments?post=10480"}],"version-history":[{"count":44,"href":"https:\/\/www.vililogistics.com\/tr\/wp-json\/wp\/v2\/pages\/10480\/revisions"}],"predecessor-version":[{"id":10635,"href":"https:\/\/www.vililogistics.com\/tr\/wp-json\/wp\/v2\/pages\/10480\/revisions\/10635"}],"wp:attachment":[{"href":"https:\/\/www.vililogistics.com\/tr\/wp-json\/wp\/v2\/media?parent=10480"}],"curies":[{"name":"wp","href":"https:\/\/api.w.org\/{rel}","templated":true}]}}